{"id":936,"date":"2023-10-03T21:53:55","date_gmt":"2023-10-03T21:53:55","guid":{"rendered":"https:\/\/agromen.com.py\/?post_type=product&#038;p=936"},"modified":"2023-10-03T21:53:55","modified_gmt":"2023-10-03T21:53:55","slug":"cartelas-para-huevos","status":"publish","type":"product","link":"https:\/\/agromen.com.py\/index.php\/product\/cartelas-para-huevos\/","title":{"rendered":"Cartelas para huevos"},"content":{"rendered":"","protected":false},"excerpt":{"rendered":"<p>Cartones con una estructura dise\u00f1ada para transportar huevos para que pueda absorber cierta cantidad de energ\u00eda en un posible impacto y que la c\u00e1scara no se vea afectada por el transporte. <\/p>\n","protected":false},"featured_media":937,"template":"","meta":[],"product_cat":[38],"product_tag":[],"class_list":{"0":"post-936","1":"product","2":"type-product","3":"status-publish","4":"has-post-thumbnail","6":"product_cat-cartelas","7":"entry"},"acf":[],"_links":{"self":[{"href":"https:\/\/agromen.com.py\/index.php\/wp-json\/wp\/v2\/product\/936","targetHints":{"allow":["GET"]}}],"collection":[{"href":"https:\/\/agromen.com.py\/index.php\/wp-json\/wp\/v2\/product"}],"about":[{"href":"https:\/\/agromen.com.py\/index.php\/wp-json\/wp\/v2\/types\/product"}],"wp:featuredmedia":[{"embeddable":true,"href":"https:\/\/agromen.com.py\/index.php\/wp-json\/wp\/v2\/media\/937"}],"wp:attachment":[{"href":"https:\/\/agromen.com.py\/index.php\/wp-json\/wp\/v2\/media?parent=936"}],"wp:term":[{"taxonomy":"product_cat","embeddable":true,"href":"https:\/\/agromen.com.py\/index.php\/wp-json\/wp\/v2\/product_cat?post=936"},{"taxonomy":"product_tag","embeddable":true,"href":"https:\/\/agromen.com.py\/index.php\/wp-json\/wp\/v2\/product_tag?post=936"}],"curies":[{"name":"wp","href":"https:\/\/api.w.org\/{rel}","templated":true}]}}