{"id":925,"date":"2023-09-29T18:38:02","date_gmt":"2023-09-29T18:38:02","guid":{"rendered":"https:\/\/agromen.com.py\/?post_type=product&#038;p=925"},"modified":"2023-09-29T18:38:03","modified_gmt":"2023-09-29T18:38:03","slug":"ponedoras-isa-brown","status":"publish","type":"product","link":"https:\/\/agromen.com.py\/index.php\/product\/ponedoras-isa-brown\/","title":{"rendered":"PONEDORAS ISA BROWN"},"content":{"rendered":"","protected":false},"excerpt":{"rendered":"<p>La ponedora  de referencia desde hace m\u00e1s de 30 a\u00f1os en todo el Mundo. Las pruebas extensas con esta ave demuestran que ISA Brown cuenta con una excelente conversi\u00f3n de alimento y sus huevos son  de alta calidad. <\/p>\n<p>Se adapta bien a diferentes climas, sistemas de manejo y sistemas de alojamiento. Todo esto, combinado con una\u00a0excelente relaci\u00f3n de conversi\u00f3n\u00a0de alimento tiene  como resultado un rendimiento confiable para los productores de huevos comerciales.<\/p>\n","protected":false},"featured_media":902,"template":"","meta":[],"product_cat":[25],"product_tag":[],"class_list":{"0":"post-925","1":"product","2":"type-product","3":"status-publish","4":"has-post-thumbnail","6":"product_cat-pollos","7":"entry"},"acf":[],"_links":{"self":[{"href":"https:\/\/agromen.com.py\/index.php\/wp-json\/wp\/v2\/product\/925","targetHints":{"allow":["GET"]}}],"collection":[{"href":"https:\/\/agromen.com.py\/index.php\/wp-json\/wp\/v2\/product"}],"about":[{"href":"https:\/\/agromen.com.py\/index.php\/wp-json\/wp\/v2\/types\/product"}],"wp:featuredmedia":[{"embeddable":true,"href":"https:\/\/agromen.com.py\/index.php\/wp-json\/wp\/v2\/media\/902"}],"wp:attachment":[{"href":"https:\/\/agromen.com.py\/index.php\/wp-json\/wp\/v2\/media?parent=925"}],"wp:term":[{"taxonomy":"product_cat","embeddable":true,"href":"https:\/\/agromen.com.py\/index.php\/wp-json\/wp\/v2\/product_cat?post=925"},{"taxonomy":"product_tag","embeddable":true,"href":"https:\/\/agromen.com.py\/index.php\/wp-json\/wp\/v2\/product_tag?post=925"}],"curies":[{"name":"wp","href":"https:\/\/api.w.org\/{rel}","templated":true}]}}