{"id":924,"date":"2023-09-29T18:34:39","date_gmt":"2023-09-29T18:34:39","guid":{"rendered":"https:\/\/agromen.com.py\/?post_type=product&#038;p=924"},"modified":"2023-09-29T18:38:37","modified_gmt":"2023-09-29T18:38:37","slug":"ponedoras-hisex-brown-2","status":"publish","type":"product","link":"https:\/\/agromen.com.py\/index.php\/product\/ponedoras-hisex-brown-2\/","title":{"rendered":"PONEDORAS HISEX BROWN"},"content":{"rendered":"","protected":false},"excerpt":{"rendered":"<p>Hisex Brown es una ponedora  muy eficiente con una alta producci\u00f3n de huevos de color marr\u00f3n oscuro y  excelente resistencia de la c\u00e1scara. Comienza a apresurarse a la edad de 4 a 5 meses. Tiene buena resistencia a diversas enfermedades.  El f\u00edsico es armonioso y tiene un car\u00e1cter tranquilo y d\u00f3cil. La ponedora  Hisex Brown es muy vers\u00e1til, se puede mantener tanto en jaulas como en libertad.<\/p>\n","protected":false},"featured_media":908,"template":"","meta":[],"product_cat":[25],"product_tag":[],"class_list":{"0":"post-924","1":"product","2":"type-product","3":"status-publish","4":"has-post-thumbnail","6":"product_cat-pollos","7":"entry"},"acf":[],"_links":{"self":[{"href":"https:\/\/agromen.com.py\/index.php\/wp-json\/wp\/v2\/product\/924","targetHints":{"allow":["GET"]}}],"collection":[{"href":"https:\/\/agromen.com.py\/index.php\/wp-json\/wp\/v2\/product"}],"about":[{"href":"https:\/\/agromen.com.py\/index.php\/wp-json\/wp\/v2\/types\/product"}],"wp:featuredmedia":[{"embeddable":true,"href":"https:\/\/agromen.com.py\/index.php\/wp-json\/wp\/v2\/media\/908"}],"wp:attachment":[{"href":"https:\/\/agromen.com.py\/index.php\/wp-json\/wp\/v2\/media?parent=924"}],"wp:term":[{"taxonomy":"product_cat","embeddable":true,"href":"https:\/\/agromen.com.py\/index.php\/wp-json\/wp\/v2\/product_cat?post=924"},{"taxonomy":"product_tag","embeddable":true,"href":"https:\/\/agromen.com.py\/index.php\/wp-json\/wp\/v2\/product_tag?post=924"}],"curies":[{"name":"wp","href":"https:\/\/api.w.org\/{rel}","templated":true}]}}