{"id":923,"date":"2023-09-29T18:30:19","date_gmt":"2023-09-29T18:30:19","guid":{"rendered":"https:\/\/agromen.com.py\/?post_type=product&#038;p=923"},"modified":"2023-09-29T18:39:38","modified_gmt":"2023-09-29T18:39:38","slug":"ponedoras-embrapa-051-2","status":"publish","type":"product","link":"https:\/\/agromen.com.py\/index.php\/product\/ponedoras-embrapa-051-2\/","title":{"rendered":"PONEDORAS EMBRAPA &#8211; 051"},"content":{"rendered":"","protected":false},"excerpt":{"rendered":"<p>La ponedora EMBRAPA &#8211; 051 es una gallina h\u00edbrida, resultado del cruce de las l\u00edneas RHODE ISLAND RED y PLYMOUTH ROCCK BRLANCA.<br \/>\nEs especializada para la producci\u00f3n de huevos de c\u00e1scara marr\u00f3n, en sistemas coloniales y agroecol\u00f3gicos en peque\u00f1as propiedades de agricultura familiar.<\/p>\n<p>Por su rusticidad las ponedoras embrapa -051 se adaptan muy bien al sistema extensivo de producci\u00f3n, bajando el costo del alimento y mejorando la colocaci\u00f3n de c\u00e1scara y yema del huevo, o sea much\u00edsimos huevos caseros de alta calidad para la familia y la venta.<\/p>\n","protected":false},"featured_media":899,"template":"","meta":[],"product_cat":[25],"product_tag":[],"class_list":{"0":"post-923","1":"product","2":"type-product","3":"status-publish","4":"has-post-thumbnail","6":"product_cat-pollos","7":"entry"},"acf":[],"_links":{"self":[{"href":"https:\/\/agromen.com.py\/index.php\/wp-json\/wp\/v2\/product\/923","targetHints":{"allow":["GET"]}}],"collection":[{"href":"https:\/\/agromen.com.py\/index.php\/wp-json\/wp\/v2\/product"}],"about":[{"href":"https:\/\/agromen.com.py\/index.php\/wp-json\/wp\/v2\/types\/product"}],"wp:featuredmedia":[{"embeddable":true,"href":"https:\/\/agromen.com.py\/index.php\/wp-json\/wp\/v2\/media\/899"}],"wp:attachment":[{"href":"https:\/\/agromen.com.py\/index.php\/wp-json\/wp\/v2\/media?parent=923"}],"wp:term":[{"taxonomy":"product_cat","embeddable":true,"href":"https:\/\/agromen.com.py\/index.php\/wp-json\/wp\/v2\/product_cat?post=923"},{"taxonomy":"product_tag","embeddable":true,"href":"https:\/\/agromen.com.py\/index.php\/wp-json\/wp\/v2\/product_tag?post=923"}],"curies":[{"name":"wp","href":"https:\/\/api.w.org\/{rel}","templated":true}]}}