{"id":919,"date":"2023-09-29T18:07:39","date_gmt":"2023-09-29T18:07:39","guid":{"rendered":"https:\/\/agromen.com.py\/?post_type=product&#038;p=919"},"modified":"2023-09-29T18:07:39","modified_gmt":"2023-09-29T18:07:39","slug":"pollo-de-engorde-cobb","status":"publish","type":"product","link":"https:\/\/agromen.com.py\/index.php\/product\/pollo-de-engorde-cobb\/","title":{"rendered":"POLLO DE ENGORDE COBB"},"content":{"rendered":"","protected":false},"excerpt":{"rendered":"<p>El\u00a0Pollo COBB \u00a0es conocido  como un producto de desempe\u00f1o para los galpones de engorde, \u00f3ptima  tasa de crecimiento, conversi\u00f3n alimentaria y  desempe\u00f1o en m\u00faltiples niveles. Es una  ave que le proporcionar\u00e1 un robusto rendimiento en la granja.<\/p>\n","protected":false},"featured_media":904,"template":"","meta":[],"product_cat":[25],"product_tag":[],"class_list":{"0":"post-919","1":"product","2":"type-product","3":"status-publish","4":"has-post-thumbnail","6":"product_cat-pollos","7":"entry"},"acf":[],"_links":{"self":[{"href":"https:\/\/agromen.com.py\/index.php\/wp-json\/wp\/v2\/product\/919","targetHints":{"allow":["GET"]}}],"collection":[{"href":"https:\/\/agromen.com.py\/index.php\/wp-json\/wp\/v2\/product"}],"about":[{"href":"https:\/\/agromen.com.py\/index.php\/wp-json\/wp\/v2\/types\/product"}],"wp:featuredmedia":[{"embeddable":true,"href":"https:\/\/agromen.com.py\/index.php\/wp-json\/wp\/v2\/media\/904"}],"wp:attachment":[{"href":"https:\/\/agromen.com.py\/index.php\/wp-json\/wp\/v2\/media?parent=919"}],"wp:term":[{"taxonomy":"product_cat","embeddable":true,"href":"https:\/\/agromen.com.py\/index.php\/wp-json\/wp\/v2\/product_cat?post=919"},{"taxonomy":"product_tag","embeddable":true,"href":"https:\/\/agromen.com.py\/index.php\/wp-json\/wp\/v2\/product_tag?post=919"}],"curies":[{"name":"wp","href":"https:\/\/api.w.org\/{rel}","templated":true}]}}