{"id":918,"date":"2023-09-29T18:05:08","date_gmt":"2023-09-29T18:05:08","guid":{"rendered":"https:\/\/agromen.com.py\/?post_type=product&#038;p=918"},"modified":"2023-09-29T18:08:37","modified_gmt":"2023-09-29T18:08:37","slug":"pollo-de-engorde-ross","status":"publish","type":"product","link":"https:\/\/agromen.com.py\/index.php\/product\/pollo-de-engorde-ross\/","title":{"rendered":"POLLO DE ENGORDE ROSS"},"content":{"rendered":"","protected":false},"excerpt":{"rendered":"<p>El pollo de engorde ROSS  posee excelente  conversi\u00f3n alimenticia,  tasa de crecimiento, capacidad de desarrollarse con nutrici\u00f3n de baja densidad  y menor precio. En conjunto, esas caracter\u00edsticas proporcionan al Ross la ventaja competitiva del menor costo por kilogramo de peso vivo producido. Las aves, como si estuvieran seleccionadas, son grandes, masivas y est\u00e1n aptas para el abate a la edad de 30 a 45 d\u00edas. La diferencia de peso entre machos y hembras es m\u00ednima.<\/p>\n","protected":false},"featured_media":912,"template":"","meta":[],"product_cat":[25],"product_tag":[],"class_list":{"0":"post-918","1":"product","2":"type-product","3":"status-publish","4":"has-post-thumbnail","6":"product_cat-pollos","7":"entry"},"acf":[],"_links":{"self":[{"href":"https:\/\/agromen.com.py\/index.php\/wp-json\/wp\/v2\/product\/918","targetHints":{"allow":["GET"]}}],"collection":[{"href":"https:\/\/agromen.com.py\/index.php\/wp-json\/wp\/v2\/product"}],"about":[{"href":"https:\/\/agromen.com.py\/index.php\/wp-json\/wp\/v2\/types\/product"}],"wp:featuredmedia":[{"embeddable":true,"href":"https:\/\/agromen.com.py\/index.php\/wp-json\/wp\/v2\/media\/912"}],"wp:attachment":[{"href":"https:\/\/agromen.com.py\/index.php\/wp-json\/wp\/v2\/media?parent=918"}],"wp:term":[{"taxonomy":"product_cat","embeddable":true,"href":"https:\/\/agromen.com.py\/index.php\/wp-json\/wp\/v2\/product_cat?post=918"},{"taxonomy":"product_tag","embeddable":true,"href":"https:\/\/agromen.com.py\/index.php\/wp-json\/wp\/v2\/product_tag?post=918"}],"curies":[{"name":"wp","href":"https:\/\/api.w.org\/{rel}","templated":true}]}}