{"id":75,"date":"2021-02-17T03:24:11","date_gmt":"2021-02-17T03:24:11","guid":{"rendered":"http:\/\/demo.theme-junkie.com\/interior\/?page_id=75"},"modified":"2023-10-10T23:28:01","modified_gmt":"2023-10-10T23:28:01","slug":"agromen-s-a","status":"publish","type":"page","link":"https:\/\/agromen.com.py\/index.php\/agromen-s-a\/","title":{"rendered":"Agromen S.A."},"content":{"rendered":"\t\t<div data-elementor-type=\"wp-page\" data-elementor-id=\"75\" class=\"elementor elementor-75\">\n\t\t\t\t\t\t\t\t\t<section class=\"elementor-section elementor-top-section elementor-element elementor-element-78727822 elementor-section-boxed elementor-section-height-default elementor-section-height-default\" data-id=\"78727822\" data-element_type=\"section\">\n\t\t\t\t\t\t<div class=\"elementor-container elementor-column-gap-default\">\n\t\t\t\t\t<div class=\"elementor-column elementor-col-100 elementor-top-column elementor-element elementor-element-2fd51317\" data-id=\"2fd51317\" data-element_type=\"column\">\n\t\t\t<div class=\"elementor-widget-wrap elementor-element-populated\">\n\t\t\t\t\t\t\t\t<div class=\"elementor-element elementor-element-717f45ce elementor-widget elementor-widget-text-editor\" data-id=\"717f45ce\" data-element_type=\"widget\" data-widget_type=\"text-editor.default\">\n\t\t\t\t<div class=\"elementor-widget-container\">\n\t\t\t<style>\/*! elementor - v3.15.0 - 20-08-2023 *\/\n.elementor-widget-text-editor.elementor-drop-cap-view-stacked .elementor-drop-cap{background-color:#69727d;color:#fff}.elementor-widget-text-editor.elementor-drop-cap-view-framed .elementor-drop-cap{color:#69727d;border:3px solid;background-color:transparent}.elementor-widget-text-editor:not(.elementor-drop-cap-view-default) .elementor-drop-cap{margin-top:8px}.elementor-widget-text-editor:not(.elementor-drop-cap-view-default) .elementor-drop-cap-letter{width:1em;height:1em}.elementor-widget-text-editor .elementor-drop-cap{float:left;text-align:center;line-height:1;font-size:50px}.elementor-widget-text-editor .elementor-drop-cap-letter{display:inline-block}<\/style>\t\t\t\t<p>Los pollitos de Agromen S.A., son producidos en nuestra propia Planta de incubaci\u00f3n, siendo una de las m\u00e1s modernas de Sudam\u00e9rica. Huevos importados de productores certificados, garantizando la gen\u00e9tica y sanidad de los pollitos, que son seleccionados y vacunados siguiendo r\u00edgidas normas de bioseguridad y calidad animal.<\/p><p>Luego de algunas horas de descanso, son embarcados a sus destinos en modernos camiones climatizados reduciendo casi a cero los da\u00f1os por calor, o fr\u00edo y la demora de un largo viaje.<\/p><p>Las aves de Agromen son manejadas siguiendo estrictamente las normas internacionales de bienestar animal, as\u00ed se desarrollan al m\u00e1s alto nivel de su capacidad gen\u00e9tica, garantizando ganancias al productor y ofreciendo alimentos saludables al consumidor.<\/p>\t\t\t\t\t\t<\/div>\n\t\t\t\t<\/div>\n\t\t\t\t\t<\/div>\n\t\t<\/div>\n\t\t\t\t\t\t\t<\/div>\n\t\t<\/section>\n\t\t\t\t<section class=\"elementor-section elementor-top-section elementor-element elementor-element-9a9c522 elementor-section-boxed elementor-section-height-default elementor-section-height-default\" data-id=\"9a9c522\" data-element_type=\"section\">\n\t\t\t\t\t\t<div class=\"elementor-container elementor-column-gap-default\">\n\t\t\t\t\t<div class=\"elementor-column elementor-col-100 elementor-top-column elementor-element elementor-element-17adb7d\" data-id=\"17adb7d\" data-element_type=\"column\">\n\t\t\t<div class=\"elementor-widget-wrap elementor-element-populated\">\n\t\t\t\t\t\t\t\t<div class=\"elementor-element elementor-element-ab024ec elementor-widget elementor-widget-image\" data-id=\"ab024ec\" data-element_type=\"widget\" data-widget_type=\"image.default\">\n\t\t\t\t<div class=\"elementor-widget-container\">\n\t\t\t<style>\/*! elementor - v3.15.0 - 20-08-2023 *\/\n.elementor-widget-image{text-align:center}.elementor-widget-image a{display:inline-block}.elementor-widget-image a img[src$=\".svg\"]{width:48px}.elementor-widget-image img{vertical-align:middle;display:inline-block}<\/style>\t\t\t\t\t\t\t\t\t\t\t\t<img loading=\"lazy\" decoding=\"async\" width=\"940\" height=\"450\" src=\"https:\/\/agromen.com.py\/wp-content\/uploads\/2023\/08\/sl-1.jpg\" class=\"attachment-full size-full wp-image-792\" alt=\"\" srcset=\"https:\/\/agromen.com.py\/wp-content\/uploads\/2023\/08\/sl-1.jpg 940w, https:\/\/agromen.com.py\/wp-content\/uploads\/2023\/08\/sl-1-300x144.jpg 300w, https:\/\/agromen.com.py\/wp-content\/uploads\/2023\/08\/sl-1-768x368.jpg 768w, https:\/\/agromen.com.py\/wp-content\/uploads\/2023\/08\/sl-1-600x287.jpg 600w\" sizes=\"auto, (max-width: 940px) 100vw, 940px\" \/>\t\t\t\t\t\t\t\t\t\t\t\t\t\t\t<\/div>\n\t\t\t\t<\/div>\n\t\t\t\t\t<\/div>\n\t\t<\/div>\n\t\t\t\t\t\t\t<\/div>\n\t\t<\/section>\n\t\t\t\t\t\t\t<\/div>\n\t\t","protected":false},"excerpt":{"rendered":"<p>Los pollitos de Agromen S.A., son producidos en nuestra propia Planta de incubaci\u00f3n, siendo una de las m\u00e1s modernas de&hellip;<\/p>\n","protected":false},"author":1,"featured_media":0,"parent":0,"menu_order":0,"comment_status":"closed","ping_status":"closed","template":"","meta":{"footnotes":""},"class_list":{"0":"post-75","1":"page","2":"type-page","3":"status-publish","5":"entry"},"acf":[],"_links":{"self":[{"href":"https:\/\/agromen.com.py\/index.php\/wp-json\/wp\/v2\/pages\/75","targetHints":{"allow":["GET"]}}],"collection":[{"href":"https:\/\/agromen.com.py\/index.php\/wp-json\/wp\/v2\/pages"}],"about":[{"href":"https:\/\/agromen.com.py\/index.php\/wp-json\/wp\/v2\/types\/page"}],"author":[{"embeddable":true,"href":"https:\/\/agromen.com.py\/index.php\/wp-json\/wp\/v2\/users\/1"}],"replies":[{"embeddable":true,"href":"https:\/\/agromen.com.py\/index.php\/wp-json\/wp\/v2\/comments?post=75"}],"version-history":[{"count":12,"href":"https:\/\/agromen.com.py\/index.php\/wp-json\/wp\/v2\/pages\/75\/revisions"}],"predecessor-version":[{"id":1004,"href":"https:\/\/agromen.com.py\/index.php\/wp-json\/wp\/v2\/pages\/75\/revisions\/1004"}],"wp:attachment":[{"href":"https:\/\/agromen.com.py\/index.php\/wp-json\/wp\/v2\/media?parent=75"}],"curies":[{"name":"wp","href":"https:\/\/api.w.org\/{rel}","templated":true}]}}