{"id":61,"date":"2021-02-17T03:19:35","date_gmt":"2021-02-17T03:19:35","guid":{"rendered":"http:\/\/demo.theme-junkie.com\/interior\/?page_id=61"},"modified":"2023-08-31T22:43:55","modified_gmt":"2023-08-31T22:43:55","slug":"asesoramiento","status":"publish","type":"page","link":"https:\/\/agromen.com.py\/index.php\/asesoramiento\/","title":{"rendered":"Asesoramiento"},"content":{"rendered":"\t\t<div data-elementor-type=\"wp-page\" data-elementor-id=\"61\" class=\"elementor elementor-61\">\n\t\t\t\t\t\t\t\t\t<section class=\"elementor-section elementor-top-section elementor-element elementor-element-4fc391d2 elementor-section-boxed elementor-section-height-default elementor-section-height-default\" data-id=\"4fc391d2\" data-element_type=\"section\">\n\t\t\t\t\t\t<div class=\"elementor-container elementor-column-gap-default\">\n\t\t\t\t\t<div class=\"elementor-column elementor-col-100 elementor-top-column elementor-element elementor-element-5851c30f\" data-id=\"5851c30f\" data-element_type=\"column\">\n\t\t\t<div class=\"elementor-widget-wrap elementor-element-populated\">\n\t\t\t\t\t\t\t\t<div class=\"elementor-element elementor-element-2ffee2b7 elementor-widget elementor-widget-text-editor\" data-id=\"2ffee2b7\" data-element_type=\"widget\" data-widget_type=\"text-editor.default\">\n\t\t\t\t<div class=\"elementor-widget-container\">\n\t\t\t<style>\/*! elementor - v3.15.0 - 20-08-2023 *\/\n.elementor-widget-text-editor.elementor-drop-cap-view-stacked .elementor-drop-cap{background-color:#69727d;color:#fff}.elementor-widget-text-editor.elementor-drop-cap-view-framed .elementor-drop-cap{color:#69727d;border:3px solid;background-color:transparent}.elementor-widget-text-editor:not(.elementor-drop-cap-view-default) .elementor-drop-cap{margin-top:8px}.elementor-widget-text-editor:not(.elementor-drop-cap-view-default) .elementor-drop-cap-letter{width:1em;height:1em}.elementor-widget-text-editor .elementor-drop-cap{float:left;text-align:center;line-height:1;font-size:50px}.elementor-widget-text-editor .elementor-drop-cap-letter{display:inline-block}<\/style>\t\t\t\t<p><img loading=\"lazy\" decoding=\"async\" class=\"size-full wp-image-866 aligncenter\" src=\"https:\/\/agromen.com.py\/wp-content\/uploads\/2023\/08\/portada-pollitos.jpg\" alt=\"\" width=\"960\" height=\"260\" srcset=\"https:\/\/agromen.com.py\/wp-content\/uploads\/2023\/08\/portada-pollitos.jpg 960w, https:\/\/agromen.com.py\/wp-content\/uploads\/2023\/08\/portada-pollitos-300x81.jpg 300w, https:\/\/agromen.com.py\/wp-content\/uploads\/2023\/08\/portada-pollitos-768x208.jpg 768w, https:\/\/agromen.com.py\/wp-content\/uploads\/2023\/08\/portada-pollitos-600x163.jpg 600w\" sizes=\"auto, (max-width: 960px) 100vw, 960px\" \/><\/p>\t\t\t\t\t\t<\/div>\n\t\t\t\t<\/div>\n\t\t\t\t\t<\/div>\n\t\t<\/div>\n\t\t\t\t\t\t\t<\/div>\n\t\t<\/section>\n\t\t\t\t<section class=\"elementor-section elementor-top-section elementor-element elementor-element-8cce076 elementor-section-boxed elementor-section-height-default elementor-section-height-default\" data-id=\"8cce076\" data-element_type=\"section\">\n\t\t\t\t\t\t<div class=\"elementor-container elementor-column-gap-default\">\n\t\t\t\t\t<div class=\"elementor-column elementor-col-100 elementor-top-column elementor-element elementor-element-f961b6b\" data-id=\"f961b6b\" data-element_type=\"column\">\n\t\t\t<div class=\"elementor-widget-wrap elementor-element-populated\">\n\t\t\t\t\t\t\t\t<div class=\"elementor-element elementor-element-114e1cf elementor-widget elementor-widget-text-editor\" data-id=\"114e1cf\" data-element_type=\"widget\" data-widget_type=\"text-editor.default\">\n\t\t\t\t<div class=\"elementor-widget-container\">\n\t\t\t\t\t\t\t<p>Los pollitos BB son muy delicados en los primeros d\u00edas y llevan los mismos cuidados todas las razas, algunas sugerencias de manejo:<\/p>\n<p>\n1. Preparar con antecedencia el gallinero, lavar, pulverizar contra insectos, pintar con cal y revisar las instalaciones de luz y agua.\n<p>2. Esparcir la \u00abcama\u00bb que puede ser viruta o aserr\u00edn de madera, c\u00e1scara de arroz, pasto u otra paja picada &#8211; importante que sea seca y absorbente sin hongos o insectos.<\/p>\n<p>3. Para la primera semana preparar corraloncito de 1.5 metro de di\u00e1metro por 50 cm. de altura para cada 100 pollitos &#8211; ese debe ser redondo, sin esquinas, se puede usar una hoja de terciada fina o chapa de zinc cortada en tiras o peque\u00f1os pedazos de tablas y a\u00f1adirlos. Para la segunda semana doblar el tama\u00f1o y luego sacar el corral\u00f3n en la tercera semana dejando libre el espacio definitivo.<\/p>\n<p>4. La temperatura ambiente dever\u00e1\u00a0 estar entre 30 a 35 grados en la primera semana. 25 a 30 en la segunda y 20 a 25 en adelante &#8211; para lograr eso de forma econ\u00f3mica debemos cerrar con cortinas de carpa las paredes de tejido y utilizar focos incandescentes de 100, 150, 200 Watts protegidos por una campa\u00f1a e ir cambiando seg\u00fan la necesidad de ajustar la temperatura.<\/p>\n<p>5. En la primera semana usar bebederos y comederos infantiles que faciliten el consumo sin mojar los pollitos y evita el desperdicio de balanceado. Luego se debe cambiar por equipos autom\u00e1ticos que ofrecen la misma seguridad y son m\u00e1s pr\u00e1cticos.<\/p>\n<p>6. Estando todo preparado revisar si no hay olvidos, pulverizar todo el ambiente y los equipos con un desinfectante 24 horas antes de bajar los animales.<\/p>\n<p>7. Usar en los 5 d\u00edas iniciales un polivitam\u00ednico en el agua, cuando hace mucho calor conviene bajar la mitad de los pollitos en la llegada y esperar una hora para bajar los dem\u00e1s evitando que se mojen pele\u00e1ndose por el agua.\n<p>8. La mayor\u00eda de los peque\u00f1os criaderos de aves deben ser semi-extensivo &#8211; o sea el primer mes y la noche las aves encerradas bajo techo durante el d\u00eda un amplio espacio externo para caminar y pastear. Calcular el espacio interno de 6 a 10 aves por metro y de 1 a 3 metros de piquete por ave dependiendo de la raza, \u00e9poca del a\u00f1o y cantidad de alimento disponible.<\/p>\n<p>9. Los pollos y ponedoras tipo caseros aprecian mucho la alimentaci\u00f3n alternativa que puede ser restos de cultivos y otras producida en la finca como: mandioca (ra\u00edces, ramas y hojas), batatas, zapallo, calabaza, ca\u00f1a dulce, pasturas en general, verduras, legumbres, todos los tipos de granos y otros tantos restos de alimentos normalmente desperdiciados, siempre que no est\u00e9n descompuestos.<\/p>\n<p>10. Todas las aves deben ser vacunadas contra la enfermedad de New Castle a los 10 d\u00edas de edad y desparasitados a los 30 y los animales de vida m\u00e1s larga vacunar contra la viruela y desparacitar cada 30 d\u00edas.<\/p>\t\t\t\t\t\t<\/div>\n\t\t\t\t<\/div>\n\t\t\t\t\t<\/div>\n\t\t<\/div>\n\t\t\t\t\t\t\t<\/div>\n\t\t<\/section>\n\t\t\t\t\t\t\t<\/div>\n\t\t","protected":false},"excerpt":{"rendered":"<p>Los pollitos BB son muy delicados en los primeros d\u00edas y llevan los mismos cuidados todas las razas, algunas sugerencias&hellip;<\/p>\n","protected":false},"author":1,"featured_media":0,"parent":0,"menu_order":0,"comment_status":"closed","ping_status":"closed","template":"","meta":{"footnotes":""},"class_list":{"0":"post-61","1":"page","2":"type-page","3":"status-publish","5":"entry"},"acf":[],"_links":{"self":[{"href":"https:\/\/agromen.com.py\/index.php\/wp-json\/wp\/v2\/pages\/61","targetHints":{"allow":["GET"]}}],"collection":[{"href":"https:\/\/agromen.com.py\/index.php\/wp-json\/wp\/v2\/pages"}],"about":[{"href":"https:\/\/agromen.com.py\/index.php\/wp-json\/wp\/v2\/types\/page"}],"author":[{"embeddable":true,"href":"https:\/\/agromen.com.py\/index.php\/wp-json\/wp\/v2\/users\/1"}],"replies":[{"embeddable":true,"href":"https:\/\/agromen.com.py\/index.php\/wp-json\/wp\/v2\/comments?post=61"}],"version-history":[{"count":9,"href":"https:\/\/agromen.com.py\/index.php\/wp-json\/wp\/v2\/pages\/61\/revisions"}],"predecessor-version":[{"id":872,"href":"https:\/\/agromen.com.py\/index.php\/wp-json\/wp\/v2\/pages\/61\/revisions\/872"}],"wp:attachment":[{"href":"https:\/\/agromen.com.py\/index.php\/wp-json\/wp\/v2\/media?parent=61"}],"curies":[{"name":"wp","href":"https:\/\/api.w.org\/{rel}","templated":true}]}}